{"id":2,"date":"2016-03-01T15:46:35","date_gmt":"2016-03-01T14:46:35","guid":{"rendered":"http:\/\/lauserint.net\/?page_id=2"},"modified":"2021-10-19T15:37:21","modified_gmt":"2021-10-19T14:37:21","slug":"pagina-ejemplo","status":"publish","type":"page","link":"https:\/\/lauserint.net\/","title":{"rendered":"Empresa"},"content":{"rendered":"<p style=\"text-align: justify;\">Lauserint es una&nbsp; empresa&nbsp; creada en el &nbsp;a\u00f1o 2004 con la Misi\u00f3n&nbsp; de colaborar en la mejora de la competitividad empresarial de sus Clientes mediante la prestaci\u00f3n de servicios globales en la <strong>Gesti\u00f3n del Mantenimiento.<\/strong><\/p>\n<p style=\"text-align: justify;\">Ofrecemos a nuestros Clientes la posibilidad de mejorar la eficiencia de sus &nbsp;empresas&nbsp;facilitando el conocimiento, las herramientas adecuadas y el personal profesional experto para la prestaci\u00f3n de los servicios de Mantenimiento m\u00e1s adecuados a sus necesidades.<\/p>\n<p style=\"text-align: justify;\">Con este objetivo, Lauserint desarrolla su actividad en las siguientes \u00e1reas:<\/p>\n<ul>\n<li style=\"text-align: justify;\"><strong>Consultor\u00eda \/ Asesoramiento<\/strong><\/li>\n<li style=\"text-align: justify;\"><strong>Externalizaci\u00f3n \/ Outsourcing<\/strong><\/li>\n<li style=\"text-align: justify;\"><strong>Ingenier\u00eda de Instalaciones<\/strong><\/li>\n<li style=\"text-align: justify;\"><strong>Formaci\u00f3n<\/strong><\/li>\n<\/ul>\n<p>Contamos con un equipo humano altamente capacitado e implicado en cada una de nuestras \u00e1reas de actividad.<\/p>\n<p style=\"text-align: justify;\">Lauserint, en coherencia con su Pol\u00edtica de Calidad se encuentra certificada seg\u00fan la norma ISO 9001:2015.<\/p>\n<p style=\"text-align: justify;\"><img loading=\"lazy\" class=\"wp-image-53 aligncenter\" src=\"http:\/\/lauserint.net\/wp-content\/uploads\/2016\/03\/banner02-300x36.jpg\" alt=\"banner02\" width=\"525\" height=\"63\" srcset=\"https:\/\/lauserint.net\/wp-content\/uploads\/2016\/03\/banner02-300x36.jpg 300w, https:\/\/lauserint.net\/wp-content\/uploads\/2016\/03\/banner02.jpg 652w\" sizes=\"(max-width: 525px) 100vw, 525px\" \/><\/p>\n","protected":false},"excerpt":{"rendered":"<p>Lauserint es una&nbsp; empresa&nbsp; creada en el &nbsp;a\u00f1o 2004 con la Misi\u00f3n&nbsp; de colaborar en la mejora de la competitividad empresarial de sus Clientes mediante la prestaci\u00f3n de servicios globales en la Gesti\u00f3n del Mantenimiento. Ofrecemos a nuestros Clientes la posibilidad de mejorar la eficiencia de sus &nbsp;empresas&nbsp;facilitando el conocimiento, las herramientas adecuadas y el &hellip; <a href=\"https:\/\/lauserint.net\/\" class=\"more-link\">Sigue leyendo <span class=\"screen-reader-text\">Empresa<\/span> <span class=\"meta-nav\">&rarr;<\/span><\/a><\/p>\n","protected":false},"author":1,"featured_media":0,"parent":0,"menu_order":0,"comment_status":"closed","ping_status":"closed","template":"","meta":[],"_links":{"self":[{"href":"https:\/\/lauserint.net\/index.php\/wp-json\/wp\/v2\/pages\/2"}],"collection":[{"href":"https:\/\/lauserint.net\/index.php\/wp-json\/wp\/v2\/pages"}],"about":[{"href":"https:\/\/lauserint.net\/index.php\/wp-json\/wp\/v2\/types\/page"}],"author":[{"embeddable":true,"href":"https:\/\/lauserint.net\/index.php\/wp-json\/wp\/v2\/users\/1"}],"replies":[{"embeddable":true,"href":"https:\/\/lauserint.net\/index.php\/wp-json\/wp\/v2\/comments?post=2"}],"version-history":[{"count":9,"href":"https:\/\/lauserint.net\/index.php\/wp-json\/wp\/v2\/pages\/2\/revisions"}],"predecessor-version":[{"id":223,"href":"https:\/\/lauserint.net\/index.php\/wp-json\/wp\/v2\/pages\/2\/revisions\/223"}],"wp:attachment":[{"href":"https:\/\/lauserint.net\/index.php\/wp-json\/wp\/v2\/media?parent=2"}],"curies":[{"name":"wp","href":"https:\/\/api.w.org\/{rel}","templated":true}]}}