{"id":214,"date":"2018-10-30T11:43:16","date_gmt":"2018-10-30T10:43:16","guid":{"rendered":"http:\/\/lauserint.net\/?page_id=214"},"modified":"2018-10-30T11:52:47","modified_gmt":"2018-10-30T10:52:47","slug":"politica-de-calidad","status":"publish","type":"page","link":"https:\/\/lauserint.net\/index.php\/pagina-ejemplo\/politica-de-calidad\/","title":{"rendered":"Pol\u00edtica de Calidad"},"content":{"rendered":"<p>Lauserint, S.L., consciente de la necesidad de Satisfacer a sus Clientes\u00a0 a trav\u00e9s de la prestaci\u00f3n de unos servicios de Mantenimiento Industrial que cumplan sus expectativas de una manera eficiente y competitiva, ha implantado un Sistema de Gesti\u00f3n de la Calidad seg\u00fan la norma UNE-EN-ISO 9001: 2015<\/p>\n<p>La Direcci\u00f3n de la Lauserint, S.L. manifiesta expresamente su compromiso fundamental de cumplir con los requisitos del Sistema de Gesti\u00f3n de la Calidad y de mejorarlo continuamente, bas\u00e1ndose en los siguientes principios generales:<\/p>\n<ul>\n<li>Implementar de forma constante y continua la Mejora Continua en el desarrollo de su actividad, mediante el cumplimiento de los requisitos de sus clientes y de la normativa aplicable as\u00ed como de cualquier otro requisito que\u00a0 suscriba, cuando le sea de aplicaci\u00f3n.<\/li>\n<li>Analizar los riesgos y oportunidades que puedan presentar tanto su contexto como las partes interesadas.<\/li>\n<li>Fomentar actuaciones para involucrar a todas las personas de la empresa en la Mejora Continua.<\/li>\n<li>Establecer Objetivos y Metas coherentes con su Pol\u00edtica de Calidad y con la sostenibilidad de la empresa.<\/li>\n<li>Facilitar los recursos humanos y materiales necesarios para la consecuci\u00f3n de estos objetivos.<\/li>\n<li>Comunicar esta pol\u00edtica a todas las personas de la empresa y\u00a0 mantenerla a disposici\u00f3n de posibles terceras partes interesadas.<\/li>\n<\/ul>\n<p>En Erandio, a 20 de Febrero de 2018<\/p>\n","protected":false},"excerpt":{"rendered":"<p>Lauserint, S.L., consciente de la necesidad de Satisfacer a sus Clientes\u00a0 a trav\u00e9s de la prestaci\u00f3n de unos servicios de Mantenimiento Industrial que cumplan sus expectativas de una manera eficiente y competitiva, ha implantado un Sistema de Gesti\u00f3n de la Calidad seg\u00fan la norma UNE-EN-ISO 9001: 2015 La Direcci\u00f3n de la Lauserint, S.L. manifiesta expresamente &hellip; <a href=\"https:\/\/lauserint.net\/index.php\/pagina-ejemplo\/politica-de-calidad\/\" class=\"more-link\">Sigue leyendo <span class=\"screen-reader-text\">Pol\u00edtica de Calidad<\/span> <span class=\"meta-nav\">&rarr;<\/span><\/a><\/p>\n","protected":false},"author":1,"featured_media":0,"parent":2,"menu_order":0,"comment_status":"closed","ping_status":"closed","template":"page-templates\/full-width.php","meta":[],"_links":{"self":[{"href":"https:\/\/lauserint.net\/index.php\/wp-json\/wp\/v2\/pages\/214"}],"collection":[{"href":"https:\/\/lauserint.net\/index.php\/wp-json\/wp\/v2\/pages"}],"about":[{"href":"https:\/\/lauserint.net\/index.php\/wp-json\/wp\/v2\/types\/page"}],"author":[{"embeddable":true,"href":"https:\/\/lauserint.net\/index.php\/wp-json\/wp\/v2\/users\/1"}],"replies":[{"embeddable":true,"href":"https:\/\/lauserint.net\/index.php\/wp-json\/wp\/v2\/comments?post=214"}],"version-history":[{"count":2,"href":"https:\/\/lauserint.net\/index.php\/wp-json\/wp\/v2\/pages\/214\/revisions"}],"predecessor-version":[{"id":217,"href":"https:\/\/lauserint.net\/index.php\/wp-json\/wp\/v2\/pages\/214\/revisions\/217"}],"up":[{"embeddable":true,"href":"https:\/\/lauserint.net\/index.php\/wp-json\/wp\/v2\/pages\/2"}],"wp:attachment":[{"href":"https:\/\/lauserint.net\/index.php\/wp-json\/wp\/v2\/media?parent=214"}],"curies":[{"name":"wp","href":"https:\/\/api.w.org\/{rel}","templated":true}]}}