{"id":55,"date":"2016-03-07T16:11:44","date_gmt":"2016-03-07T15:11:44","guid":{"rendered":"http:\/\/lauserint.net\/?page_id=55"},"modified":"2016-06-02T15:45:26","modified_gmt":"2016-06-02T14:45:26","slug":"formacion","status":"publish","type":"page","link":"https:\/\/lauserint.net\/index.php\/formacion\/","title":{"rendered":"Formaci\u00f3n"},"content":{"rendered":"<ul>\n<li>Gesti\u00f3n del Mantenimiento<\/li>\n<li>Formaci\u00f3n para la ejecuci\u00f3n y desarrollo del automantenimiento<\/li>\n<li>Electricidad y electr\u00f3nica<\/li>\n<li>Riesgos el\u00e9ctricos<\/li>\n<li>Neum\u00e1tica e hidr\u00e1ulica aplicada<\/li>\n<li>Regulaci\u00f3n de velocidad en motores<\/li>\n<li>Aut\u00f3matas programables<\/li>\n<li>Convertidores de frecuencia (variadores de velocidad)<\/li>\n<\/ul>\n","protected":false},"excerpt":{"rendered":"<p>Gesti\u00f3n del Mantenimiento Formaci\u00f3n para la ejecuci\u00f3n y desarrollo del automantenimiento Electricidad y electr\u00f3nica Riesgos el\u00e9ctricos Neum\u00e1tica e hidr\u00e1ulica aplicada Regulaci\u00f3n de velocidad en motores Aut\u00f3matas programables Convertidores de frecuencia (variadores de velocidad)<\/p>\n","protected":false},"author":1,"featured_media":0,"parent":0,"menu_order":0,"comment_status":"closed","ping_status":"closed","template":"","meta":[],"_links":{"self":[{"href":"https:\/\/lauserint.net\/index.php\/wp-json\/wp\/v2\/pages\/55"}],"collection":[{"href":"https:\/\/lauserint.net\/index.php\/wp-json\/wp\/v2\/pages"}],"about":[{"href":"https:\/\/lauserint.net\/index.php\/wp-json\/wp\/v2\/types\/page"}],"author":[{"embeddable":true,"href":"https:\/\/lauserint.net\/index.php\/wp-json\/wp\/v2\/users\/1"}],"replies":[{"embeddable":true,"href":"https:\/\/lauserint.net\/index.php\/wp-json\/wp\/v2\/comments?post=55"}],"version-history":[{"count":5,"href":"https:\/\/lauserint.net\/index.php\/wp-json\/wp\/v2\/pages\/55\/revisions"}],"predecessor-version":[{"id":225,"href":"https:\/\/lauserint.net\/index.php\/wp-json\/wp\/v2\/pages\/55\/revisions\/225"}],"wp:attachment":[{"href":"https:\/\/lauserint.net\/index.php\/wp-json\/wp\/v2\/media?parent=55"}],"curies":[{"name":"wp","href":"https:\/\/api.w.org\/{rel}","templated":true}]}}