{"id":59,"date":"2016-03-07T16:13:39","date_gmt":"2016-03-07T15:13:39","guid":{"rendered":"http:\/\/lauserint.net\/?page_id=59"},"modified":"2016-06-20T16:04:40","modified_gmt":"2016-06-20T15:04:40","slug":"prestacion-del-servicio-de-mantenimiento","status":"publish","type":"page","link":"https:\/\/lauserint.net\/index.php\/prestacion-del-servicio-de-mantenimiento\/","title":{"rendered":"EXTERNALIZACI\u00d3N \/ OUTSOURCING"},"content":{"rendered":"<p>La optimizaci\u00f3n del Mantenimiento en las empresas y la adecuaci\u00f3n de sus plantillas internas de Mantenimiento al entorno competitivo actual, generan la necesidad de externalizar total o parcialmente la funci\u00f3n Mantenimiento.<\/p>\n<p>Lauserint cuenta con la experiencia y con personal altamente capacitado para llevar a cabo con \u00e9xito la externalizaci\u00f3n adecuada a cada empresa:<\/p>\n<ul>\n<li><strong>Externalizaci\u00f3n total<\/strong> del Departamento de Mantenimiento en las empresas<\/li>\n<li><strong>Direcci\u00f3n<\/strong> del Departamento de Mantenimiento.<\/li>\n<li>Prestaci\u00f3n de personal cualificado para la<strong> prestaci\u00f3n de servicios de mantenimiento<\/strong> (correctivo, preventivo, predictivo, planificado\u2026).<\/li>\n<li><strong>Contratos cerrados de ejecuci\u00f3n<\/strong> de mantenimiento preventivo\/predictivo.<\/li>\n<\/ul>\n","protected":false},"excerpt":{"rendered":"<p>La optimizaci\u00f3n del Mantenimiento en las empresas y la adecuaci\u00f3n de sus plantillas internas de Mantenimiento al entorno competitivo actual, generan la necesidad de externalizar total o parcialmente la funci\u00f3n Mantenimiento. Lauserint cuenta con la experiencia y con personal altamente capacitado para llevar a cabo con \u00e9xito la externalizaci\u00f3n adecuada a cada empresa: Externalizaci\u00f3n total &hellip; <a href=\"https:\/\/lauserint.net\/index.php\/prestacion-del-servicio-de-mantenimiento\/\" class=\"more-link\">Sigue leyendo <span class=\"screen-reader-text\">EXTERNALIZACI\u00d3N \/ OUTSOURCING<\/span> <span class=\"meta-nav\">&rarr;<\/span><\/a><\/p>\n","protected":false},"author":1,"featured_media":0,"parent":0,"menu_order":0,"comment_status":"closed","ping_status":"closed","template":"","meta":[],"_links":{"self":[{"href":"https:\/\/lauserint.net\/index.php\/wp-json\/wp\/v2\/pages\/59"}],"collection":[{"href":"https:\/\/lauserint.net\/index.php\/wp-json\/wp\/v2\/pages"}],"about":[{"href":"https:\/\/lauserint.net\/index.php\/wp-json\/wp\/v2\/types\/page"}],"author":[{"embeddable":true,"href":"https:\/\/lauserint.net\/index.php\/wp-json\/wp\/v2\/users\/1"}],"replies":[{"embeddable":true,"href":"https:\/\/lauserint.net\/index.php\/wp-json\/wp\/v2\/comments?post=59"}],"version-history":[{"count":5,"href":"https:\/\/lauserint.net\/index.php\/wp-json\/wp\/v2\/pages\/59\/revisions"}],"predecessor-version":[{"id":209,"href":"https:\/\/lauserint.net\/index.php\/wp-json\/wp\/v2\/pages\/59\/revisions\/209"}],"wp:attachment":[{"href":"https:\/\/lauserint.net\/index.php\/wp-json\/wp\/v2\/media?parent=59"}],"curies":[{"name":"wp","href":"https:\/\/api.w.org\/{rel}","templated":true}]}}