{"id":62,"date":"2016-03-07T16:14:26","date_gmt":"2016-03-07T15:14:26","guid":{"rendered":"http:\/\/lauserint.net\/?page_id=62"},"modified":"2023-06-29T11:25:22","modified_gmt":"2023-06-29T10:25:22","slug":"gestion-de-mantenimiento","status":"publish","type":"page","link":"https:\/\/lauserint.net\/index.php\/gestion-de-mantenimiento\/","title":{"rendered":"CONSULTOR\u00cdA \/ ASESOR\u00cdA"},"content":{"rendered":"<p>Lauserint ofrece a sus clientes un asesoramiento adecuado a sus necesidades \u00a0en las siguientes \u00e1reas:<\/p>\n<p><strong>AUDITORIA<\/strong><\/p>\n<ul>\n<li>Evaluaci\u00f3n \/ auditor\u00eda del Mantenimiento de la empresa orientada a la optimizaci\u00f3n del servicio y establecimiento de Planes de Mejora<\/li>\n<\/ul>\n<p><strong>GESTI\u00d3N DEL MANTENIMIENTO<\/strong><\/p>\n<ul>\n<li>Implantaci\u00f3n del Sistema de Gesti\u00f3n del Mantenimiento<\/li>\n<li>Implantaci\u00f3n del Sistema de Gesti\u00f3n del Mantenimiento Asistido por Ordenador (GMAO), adaptado a las necesidades y caracter\u00edsticas de la empresa<\/li>\n<li>Definici\u00f3n e implantaci\u00f3n del Mantenimiento Preventivo y Predictivo<\/li>\n<li>Definici\u00f3n e implantaci\u00f3n del Automantenimiento<\/li>\n<li>Planes de Mejora Continua<\/li>\n<\/ul>\n<p><strong>TPM<\/strong><\/p>\n<ul>\n<li>Implantaci\u00f3n y desarrollo del TPM<\/li>\n<li>Implantaci\u00f3n del Sistema de Control de la Eficiencia Global de los Equipos (OEE) orientado a la optimizaci\u00f3n del sistema productivo. Implantaci\u00f3n de Programa de medici\u00f3n de la Eficiencia Global de los Equipos (OEE)<\/li>\n<li>Implantaci\u00f3n y desarrollo de las 5S<\/li>\n<li>Proyectos de SMED<\/li>\n<li>Estudio y reducci\u00f3n de microparadas<\/li>\n<\/ul>\n<p><strong>GESTI\u00d3N DEL ALMAC\u00c9N DE MANTENIMIENTO<\/strong><\/p>\n<ul>\n<li>Implantaci\u00f3n del Sistema de Gesti\u00f3n de Almac\u00e9n de Mantenimiento<\/li>\n<li>Implantaci\u00f3n de Programa de Gesti\u00f3n de repuestos de almac\u00e9n<\/li>\n<li>Implantaci\u00f3n de programa para Gesti\u00f3n de almac\u00e9n<\/li>\n<li>Elaboraci\u00f3n de especificaciones para la adquisici\u00f3n de nuevos equipos.<\/li>\n<\/ul>\n<p><strong>PROGRAMAS \/ SOFTWARE DE GESTI\u00d3N DE MANTENIMIENTO<\/strong><\/p>\n<p>Para optimizar la Gesti\u00f3n del Mantenimiento ofrecemos a nuestros clientes programas inform\u00e1ticos simples, eficientes, pr\u00e1cticos y con m\u00ednimos requisitos de hardware.<\/p>\n<p>Han sido dise\u00f1ados por especialistas en mantenimiento que tienen una dilatada experiencia en la Gesti\u00f3n del \u00a0Mantenimiento y es por ello que el n\u00facleo de los programas es el Know-how en Mantenimiento.<\/p>\n<ul>\n<li>Programa de Gesti\u00f3n del Mantenimiento<\/li>\n<li>Programa de Gesti\u00f3n de \u00d3rdenes de Trabajo<\/li>\n<li>Programa de Gesti\u00f3n de OEE<\/li>\n<li>Programa de Gesti\u00f3n del Almac\u00e9n de Mantenimiento<\/li>\n<\/ul>\n","protected":false},"excerpt":{"rendered":"<p>Lauserint ofrece a sus clientes un asesoramiento adecuado a sus necesidades \u00a0en las siguientes \u00e1reas: AUDITORIA Evaluaci\u00f3n \/ auditor\u00eda del Mantenimiento de la empresa orientada a la optimizaci\u00f3n del servicio y establecimiento de Planes de Mejora GESTI\u00d3N DEL MANTENIMIENTO Implantaci\u00f3n del Sistema de Gesti\u00f3n del Mantenimiento Implantaci\u00f3n del Sistema de Gesti\u00f3n del Mantenimiento Asistido por &hellip; <a href=\"https:\/\/lauserint.net\/index.php\/gestion-de-mantenimiento\/\" class=\"more-link\">Sigue leyendo <span class=\"screen-reader-text\">CONSULTOR\u00cdA \/ ASESOR\u00cdA<\/span> <span class=\"meta-nav\">&rarr;<\/span><\/a><\/p>\n","protected":false},"author":1,"featured_media":0,"parent":0,"menu_order":0,"comment_status":"closed","ping_status":"closed","template":"","meta":[],"_links":{"self":[{"href":"https:\/\/lauserint.net\/index.php\/wp-json\/wp\/v2\/pages\/62"}],"collection":[{"href":"https:\/\/lauserint.net\/index.php\/wp-json\/wp\/v2\/pages"}],"about":[{"href":"https:\/\/lauserint.net\/index.php\/wp-json\/wp\/v2\/types\/page"}],"author":[{"embeddable":true,"href":"https:\/\/lauserint.net\/index.php\/wp-json\/wp\/v2\/users\/1"}],"replies":[{"embeddable":true,"href":"https:\/\/lauserint.net\/index.php\/wp-json\/wp\/v2\/comments?post=62"}],"version-history":[{"count":10,"href":"https:\/\/lauserint.net\/index.php\/wp-json\/wp\/v2\/pages\/62\/revisions"}],"predecessor-version":[{"id":237,"href":"https:\/\/lauserint.net\/index.php\/wp-json\/wp\/v2\/pages\/62\/revisions\/237"}],"wp:attachment":[{"href":"https:\/\/lauserint.net\/index.php\/wp-json\/wp\/v2\/media?parent=62"}],"curies":[{"name":"wp","href":"https:\/\/api.w.org\/{rel}","templated":true}]}}