{"id":70,"date":"2016-03-07T16:35:57","date_gmt":"2016-03-07T15:35:57","guid":{"rendered":"http:\/\/lauserint.net\/?page_id=70"},"modified":"2023-06-29T11:23:43","modified_gmt":"2023-06-29T10:23:43","slug":"clientes-2","status":"publish","type":"page","link":"https:\/\/lauserint.net\/index.php\/pagina-ejemplo\/clientes-2\/","title":{"rendered":"Clientes"},"content":{"rendered":"<table style=\"height: 2310px;\" width=\"538\">\n<tbody>\n<tr>\n<td width=\"111\">\n<p style=\"text-align: center;\"><strong>Empresa<\/strong><\/p>\n<\/td>\n<td style=\"text-align: center;\" width=\"142\"><strong>Sector<\/strong><\/td>\n<td width=\"350\">\n<p style=\"text-align: center;\"><strong>Actividad desarrollada<\/strong><\/p>\n<\/td>\n<\/tr>\n<tr>\n<td width=\"111\">Fuchosa<\/p>\n<p><img loading=\"lazy\" class=\"alignnone size-full wp-image-78\" src=\"http:\/\/lauserint.net\/wp-content\/uploads\/2016\/03\/Fuchosa.jpg\" alt=\"Fuchosa\" width=\"147\" height=\"36\" \/><\/td>\n<td width=\"142\">Fundici\u00f3n<\/td>\n<td width=\"350\">Previo a Lauserint:<\/p>\n<ul>\n<li>Direcci\u00f3n Industrial<\/li>\n<li>Direcci\u00f3n de los Proyectos de Inversi\u00f3n<\/li>\n<li>Direcci\u00f3n del Mantenimiento<\/li>\n<li>Definici\u00f3n e implantaci\u00f3n del Sistema de Gesti\u00f3n del Mantenimiento<\/li>\n<\/ul>\n<\/td>\n<\/tr>\n<tr>\n<td width=\"111\"><\/td>\n<td width=\"142\"><\/td>\n<td width=\"350\"><\/td>\n<\/tr>\n<tr>\n<td width=\"111\">Nemak<\/p>\n<p><img loading=\"lazy\" class=\"alignnone size-full wp-image-79\" src=\"http:\/\/lauserint.net\/wp-content\/uploads\/2016\/03\/logo.jpg\" alt=\"logo\" width=\"210\" height=\"93\" \/><\/td>\n<td width=\"142\">Inyecci\u00f3n aluminio<\/td>\n<td width=\"350\">\n<ul>\n<li>Dise\u00f1o e implantaci\u00f3n del Mantenimiento Preventivo y del Automantenimiento<\/li>\n<li>Ejecuci\u00f3n del Mantenimiento Preventivo<\/li>\n<li>Mejora de instalaciones<\/li>\n<li>Programas de Mejora<\/li>\n<li>Formaci\u00f3n en Mantenimiento<\/li>\n<\/ul>\n<\/td>\n<\/tr>\n<tr>\n<td width=\"111\">Jez Sistemas Ferroviarios<\/p>\n<p><img loading=\"lazy\" class=\"alignnone size-full wp-image-80\" src=\"http:\/\/lauserint.net\/wp-content\/uploads\/2016\/03\/jez.gif\" alt=\"jez\" width=\"194\" height=\"119\" \/><\/td>\n<td width=\"142\">Fundici\u00f3n<\/td>\n<td width=\"350\">\n<ul>\n<li>Dise\u00f1o e implantaci\u00f3n del Mantenimiento Preventivo<\/li>\n<li>Ejecuci\u00f3n de tareas de Mantenimiento<\/li>\n<li>Mejora de instalaciones<\/li>\n<\/ul>\n<\/td>\n<\/tr>\n<tr>\n<td width=\"111\"><\/td>\n<td width=\"142\"><\/td>\n<td width=\"350\"><\/td>\n<\/tr>\n<tr>\n<td width=\"111\">Nissan Cantabria<\/p>\n<p><img loading=\"lazy\" class=\"alignnone size-full wp-image-82\" src=\"http:\/\/lauserint.net\/wp-content\/uploads\/2016\/03\/Nissan.jpg\" alt=\"Nissan\" width=\"103\" height=\"73\" \/><\/td>\n<td width=\"142\">Fundici\u00f3n<\/td>\n<td width=\"350\">\n<ul>\n<li>Evaluaci\u00f3n y auditor\u00eda del Sistema de mantenimiento<\/li>\n<li>Definici\u00f3n del Plan de Mejora y asesoramiento en su aplicaci\u00f3n<\/li>\n<li>Definici\u00f3n e implantaci\u00f3n del Mantenimiento Preventivo de sistemas de seguridad<\/li>\n<li>Definici\u00f3n e implantaci\u00f3n del Automantenimiento de sistemas de seguridad<\/li>\n<li>Mejora de instalaciones<\/li>\n<li>Direcci\u00f3n de Proyectos de Inversi\u00f3n<\/li>\n<li>Formaci\u00f3n en Mantenimiento<\/li>\n<\/ul>\n<\/td>\n<\/tr>\n<tr>\n<td width=\"111\">Furesa<\/td>\n<td width=\"142\">Fundici\u00f3n<\/td>\n<td width=\"350\">\n<ul>\n<li>Implantaci\u00f3n del Mantenimiento Preventivo<\/li>\n<li>Ejecuci\u00f3n de Mantenimiento<\/li>\n<\/ul>\n<\/td>\n<\/tr>\n<tr>\n<td width=\"111\">Ensa<\/p>\n<p><img loading=\"lazy\" class=\"alignnone size-full wp-image-92\" src=\"http:\/\/lauserint.net\/wp-content\/uploads\/2016\/03\/ensa_web-1.png\" alt=\"ensa_web\" width=\"209\" height=\"82\" \/><\/td>\n<td width=\"142\">Industria Nuclear<\/td>\n<td width=\"350\">\n<ul>\n<li>Definici\u00f3n e implantaci\u00f3n de Mantenimiento Preventivo<\/li>\n<li>Definici\u00f3n, implantaci\u00f3n y mantenimiento del Sistema de Seguridad del bunker radiol\u00f3gico<\/li>\n<\/ul>\n<\/td>\n<\/tr>\n<tr>\n<td width=\"111\">Eika<\/p>\n<p><img loading=\"lazy\" class=\"alignnone size-full wp-image-90\" src=\"http:\/\/lauserint.net\/wp-content\/uploads\/2016\/03\/logo_eika.jpg\" alt=\"logo_eika\" width=\"101\" height=\"57\" \/><\/td>\n<td width=\"142\">Electrodom\u00e9sticos<\/td>\n<td width=\"350\">\n<ul>\n<li>Ejecuci\u00f3n de Mantenimiento<\/li>\n<li>Formaci\u00f3n en Mantenimiento<\/li>\n<\/ul>\n<\/td>\n<\/tr>\n<tr>\n<td width=\"111\">Fundiguel<\/td>\n<td width=\"142\">Fundici\u00f3n<\/td>\n<td width=\"350\">\n<ul>\n<li>Dise\u00f1o y direcci\u00f3n de montaje de la nueva planta<\/li>\n<li>Dise\u00f1o e implantaci\u00f3n del Sistema de Mantenimiento<\/li>\n<li>Ejecuci\u00f3n del Mantenimiento<\/li>\n<\/ul>\n<\/td>\n<\/tr>\n<tr>\n<td width=\"111\">Coca Cola Iberian Partners (Norbega)<\/p>\n<p><img loading=\"lazy\" class=\"alignnone size-full wp-image-95\" src=\"http:\/\/lauserint.net\/wp-content\/uploads\/2016\/03\/CCIP.png\" alt=\"CCIP\" width=\"214\" height=\"44\" \/><\/td>\n<td width=\"142\">Alimentaci\u00f3n<\/td>\n<td width=\"350\">\n<ul>\n<li>Ejecuci\u00f3n de Mantenimiento<\/li>\n<li>Gesti\u00f3n de Mantenimiento<\/li>\n<li>Definici\u00f3n e implantaci\u00f3n del sistema de engrase<\/li>\n<li>Implantaci\u00f3n de SMED<\/li>\n<\/ul>\n<\/td>\n<\/tr>\n<tr>\n<td width=\"111\">BSH<\/p>\n<p><img loading=\"lazy\" class=\"alignnone size-full wp-image-96\" src=\"http:\/\/lauserint.net\/wp-content\/uploads\/2016\/03\/BSH.jpg\" alt=\"BSH\" width=\"142\" height=\"42\" \/><\/td>\n<td width=\"142\">Electrodom\u00e9sticos<\/td>\n<td width=\"350\">\n<ul>\n<li>Implantaci\u00f3n del Sistema de Gesti\u00f3n del Mantenimiento Asistido por Ordenador (GMAO)<\/li>\n<li>Implantaci\u00f3n de Automantenimiento<\/li>\n<\/ul>\n<\/td>\n<\/tr>\n<tr>\n<td width=\"111\">Fundiciones Garbi<\/p>\n<p><img loading=\"lazy\" class=\"alignnone size-full wp-image-87\" src=\"http:\/\/lauserint.net\/wp-content\/uploads\/2016\/03\/Garbi.jpg\" alt=\"Garbi\" width=\"88\" height=\"42\" \/><\/td>\n<td width=\"142\">Fundici\u00f3n<\/td>\n<td width=\"350\">\n<ul>\n<li>Gesti\u00f3n de Mantenimiento<\/li>\n<li>Ejecuci\u00f3n de Mantenimiento<\/li>\n<li>Ingenier\u00eda de Instalaciones<\/li>\n<\/ul>\n<\/td>\n<\/tr>\n<tr>\n<td width=\"111\">Hergom<\/p>\n<p><img loading=\"lazy\" class=\"alignnone size-full wp-image-85\" src=\"http:\/\/lauserint.net\/wp-content\/uploads\/2016\/03\/logo.png\" alt=\"logo\" width=\"193\" height=\"48\" \/><\/td>\n<td width=\"142\">Fundici\u00f3n<\/td>\n<td width=\"350\">\n<ul>\n<li>Gesti\u00f3n de Mantenimiento<\/li>\n<li>Planes de Mejora<\/li>\n<li>Implantaci\u00f3n de programa de Gesti\u00f3n de Almac\u00e9n<\/li>\n<li>Implantaci\u00f3n de programa de OEE<\/li>\n<\/ul>\n<\/td>\n<\/tr>\n<\/tbody>\n<\/table>\n","protected":false},"excerpt":{"rendered":"<p>Empresa Sector Actividad desarrollada Fuchosa Fundici\u00f3n Previo a Lauserint: Direcci\u00f3n Industrial Direcci\u00f3n de los Proyectos de Inversi\u00f3n Direcci\u00f3n del Mantenimiento Definici\u00f3n e implantaci\u00f3n del Sistema de Gesti\u00f3n del Mantenimiento Nemak Inyecci\u00f3n aluminio Dise\u00f1o e implantaci\u00f3n del Mantenimiento Preventivo y del Automantenimiento Ejecuci\u00f3n del Mantenimiento Preventivo Mejora de instalaciones Programas de Mejora Formaci\u00f3n en Mantenimiento Jez &hellip; <a href=\"https:\/\/lauserint.net\/index.php\/pagina-ejemplo\/clientes-2\/\" class=\"more-link\">Sigue leyendo <span class=\"screen-reader-text\">Clientes<\/span> <span class=\"meta-nav\">&rarr;<\/span><\/a><\/p>\n","protected":false},"author":1,"featured_media":0,"parent":2,"menu_order":0,"comment_status":"closed","ping_status":"closed","template":"","meta":[],"_links":{"self":[{"href":"https:\/\/lauserint.net\/index.php\/wp-json\/wp\/v2\/pages\/70"}],"collection":[{"href":"https:\/\/lauserint.net\/index.php\/wp-json\/wp\/v2\/pages"}],"about":[{"href":"https:\/\/lauserint.net\/index.php\/wp-json\/wp\/v2\/types\/page"}],"author":[{"embeddable":true,"href":"https:\/\/lauserint.net\/index.php\/wp-json\/wp\/v2\/users\/1"}],"replies":[{"embeddable":true,"href":"https:\/\/lauserint.net\/index.php\/wp-json\/wp\/v2\/comments?post=70"}],"version-history":[{"count":14,"href":"https:\/\/lauserint.net\/index.php\/wp-json\/wp\/v2\/pages\/70\/revisions"}],"predecessor-version":[{"id":236,"href":"https:\/\/lauserint.net\/index.php\/wp-json\/wp\/v2\/pages\/70\/revisions\/236"}],"up":[{"embeddable":true,"href":"https:\/\/lauserint.net\/index.php\/wp-json\/wp\/v2\/pages\/2"}],"wp:attachment":[{"href":"https:\/\/lauserint.net\/index.php\/wp-json\/wp\/v2\/media?parent=70"}],"curies":[{"name":"wp","href":"https:\/\/api.w.org\/{rel}","templated":true}]}}